{"id":7122,"date":"2022-02-10T12:52:29","date_gmt":"2022-02-10T11:52:29","guid":{"rendered":"https:\/\/www.oasis-kima.com\/who-we-are\/"},"modified":"2022-05-06T14:04:30","modified_gmt":"2022-05-06T12:04:30","slug":"who-we-are","status":"publish","type":"page","link":"https:\/\/www.oasis-kima.com\/en\/who-we-are\/","title":{"rendered":"WHO WE ARE"},"content":{"rendered":"\t\t<div data-elementor-type=\"wp-page\" data-elementor-id=\"7122\" class=\"elementor elementor-7122 elementor-6152\" data-elementor-post-type=\"page\">\n\t\t\t\t\t\t<section class=\"elementor-section elementor-top-section elementor-element elementor-element-b9c172b elementor-section-full_width elementor-section-height-min-height elementor-section-stretched elementor-section-height-default elementor-section-items-middle\" data-id=\"b9c172b\" data-element_type=\"section\" data-e-type=\"section\" data-settings=\"{&quot;stretch_section&quot;:&quot;section-stretched&quot;,&quot;background_background&quot;:&quot;classic&quot;}\">\n\t\t\t\t\t\t<div class=\"elementor-container elementor-column-gap-default\">\n\t\t\t\t\t<div class=\"elementor-column elementor-col-100 elementor-top-column elementor-element elementor-element-34a5e44\" data-id=\"34a5e44\" data-element_type=\"column\" data-e-type=\"column\">\n\t\t\t<div class=\"elementor-widget-wrap\">\n\t\t\t\t\t\t\t<\/div>\n\t\t<\/div>\n\t\t\t\t\t<\/div>\n\t\t<\/section>\n\t\t\t\t<section class=\"elementor-section elementor-top-section elementor-element elementor-element-723e51b elementor-section-stretched elementor-section-boxed elementor-section-height-default elementor-section-height-default\" data-id=\"723e51b\" data-element_type=\"section\" data-e-type=\"section\" data-settings=\"{&quot;stretch_section&quot;:&quot;section-stretched&quot;,&quot;background_background&quot;:&quot;classic&quot;}\">\n\t\t\t\t\t\t<div class=\"elementor-container elementor-column-gap-default\">\n\t\t\t\t\t<div class=\"elementor-column elementor-col-100 elementor-top-column elementor-element elementor-element-a621069\" data-id=\"a621069\" data-element_type=\"column\" data-e-type=\"column\">\n\t\t\t<div class=\"elementor-widget-wrap elementor-element-populated\">\n\t\t\t\t\t\t<div class=\"elementor-element elementor-element-8ef7dcb elementor-widget elementor-widget-heading\" data-id=\"8ef7dcb\" data-element_type=\"widget\" data-e-type=\"widget\" data-widget_type=\"heading.default\">\n\t\t\t\t<div class=\"elementor-widget-container\">\n\t\t\t\t\t<h1 class=\"elementor-heading-title elementor-size-default\">Qui sommes-nous<\/h1>\t\t\t\t<\/div>\n\t\t\t\t<\/div>\n\t\t\t\t<div class=\"elementor-element elementor-element-aaf0270 elementor-widget elementor-widget-text-editor\" data-id=\"aaf0270\" data-element_type=\"widget\" data-e-type=\"widget\" data-widget_type=\"text-editor.default\">\n\t\t\t\t<div class=\"elementor-widget-container\">\n\t\t\t\t\t\t\t\t\t<p>L\u2019oasis de kima est le fruit d\u2019un couple mixte,<br \/>confin\u00e9 \u00e0 la fin de l\u2019hiver, 2020 \u00e0 Agadir.\u00a0 Alors que la France grelottait et se fermait totalement, ici ,au MAROC , c\u2019\u00e9tait d\u00e9j\u00e0 le printemps, sous un soleil\u00a0 chaud et un ciel bleu azur. Il ne fallut pas tres longtemps \u00e0 G\u00e9rard et \u00e0 Karima\u00a0 pour prendre la d\u00e9cision\u00a0 de quitter la France et de venir s&#8217;installer\u00a0 au Maroc .\u00a0 \u00a0\u00a0<\/p>\t\t\t\t\t\t\t\t<\/div>\n\t\t\t\t<\/div>\n\t\t\t\t\t<\/div>\n\t\t<\/div>\n\t\t\t\t\t<\/div>\n\t\t<\/section>\n\t\t\t\t<section class=\"elementor-section elementor-top-section elementor-element elementor-element-925297c elementor-section-stretched elementor-section-boxed elementor-section-height-default elementor-section-height-default\" data-id=\"925297c\" data-element_type=\"section\" data-e-type=\"section\" data-settings=\"{&quot;background_background&quot;:&quot;classic&quot;,&quot;stretch_section&quot;:&quot;section-stretched&quot;}\">\n\t\t\t\t\t\t<div class=\"elementor-container elementor-column-gap-default\">\n\t\t\t\t\t<div class=\"elementor-column elementor-col-50 elementor-top-column elementor-element elementor-element-43a8b98\" data-id=\"43a8b98\" data-element_type=\"column\" data-e-type=\"column\">\n\t\t\t<div class=\"elementor-widget-wrap elementor-element-populated\">\n\t\t\t\t\t\t<div class=\"elementor-element elementor-element-9c5c6f6 elementor-widget elementor-widget-image\" data-id=\"9c5c6f6\" data-element_type=\"widget\" data-e-type=\"widget\" data-widget_type=\"image.default\">\n\t\t\t\t<div class=\"elementor-widget-container\">\n\t\t\t\t\t\t\t\t\t\t\t\t\t\t\t<img fetchpriority=\"high\" decoding=\"async\" width=\"1600\" height=\"1068\" src=\"https:\/\/www.oasis-kima.com\/wp-content\/uploads\/2022\/03\/WhatsApp-Image-2022-03-19-at-20.27.33-21.jpeg\" class=\"attachment-full size-full wp-image-7098\" alt=\"\" srcset=\"https:\/\/www.oasis-kima.com\/wp-content\/uploads\/2022\/03\/WhatsApp-Image-2022-03-19-at-20.27.33-21.jpeg 1600w, https:\/\/www.oasis-kima.com\/wp-content\/uploads\/2022\/03\/WhatsApp-Image-2022-03-19-at-20.27.33-21-300x200.jpeg 300w, https:\/\/www.oasis-kima.com\/wp-content\/uploads\/2022\/03\/WhatsApp-Image-2022-03-19-at-20.27.33-21-1024x684.jpeg 1024w, https:\/\/www.oasis-kima.com\/wp-content\/uploads\/2022\/03\/WhatsApp-Image-2022-03-19-at-20.27.33-21-768x513.jpeg 768w, https:\/\/www.oasis-kima.com\/wp-content\/uploads\/2022\/03\/WhatsApp-Image-2022-03-19-at-20.27.33-21-1536x1025.jpeg 1536w\" sizes=\"(max-width: 1600px) 100vw, 1600px\" \/>\t\t\t\t\t\t\t\t\t\t\t\t\t\t\t<\/div>\n\t\t\t\t<\/div>\n\t\t\t\t\t<\/div>\n\t\t<\/div>\n\t\t\t\t<div class=\"elementor-column elementor-col-50 elementor-top-column elementor-element elementor-element-3b6739a\" data-id=\"3b6739a\" data-element_type=\"column\" data-e-type=\"column\">\n\t\t\t<div class=\"elementor-widget-wrap elementor-element-populated\">\n\t\t\t\t\t\t<div class=\"elementor-element elementor-element-6560e30 elementor-widget elementor-widget-text-editor\" data-id=\"6560e30\" data-element_type=\"widget\" data-e-type=\"widget\" data-widget_type=\"text-editor.default\">\n\t\t\t\t<div class=\"elementor-widget-container\">\n\t\t\t\t\t\t\t\t\t<p>Apr\u00e8s quelques semaines de recherches une annonce les attira plus particuli\u00e8rement, \u00e0 Taroudant situ\u00e9 \u00e0 60kms de l\u2019oc\u00e9an et au nord d&#8217;Agadir.<\/p><p>&#8220;Si Jacques Chirac venait r\u00e9guli\u00e8rement se ressourcer dans cette ville que l\u2019on surnomme la petite MARRAKECH, c\u2019est sans doute qu\u2019il y\u2019avait un petit plus ici que l\u2019on ne trouvait pas ailleurs.&#8221;<br \/><span style=\"color: var( --e-global-color-text ); font-family: var( --e-global-typography-text-font-family ), Sans-serif; font-size: var( --e-global-typography-text-font-size ); font-weight: var( --e-global-typography-text-font-weight );\"><br \/><\/span><\/p><p><span style=\"color: var( --e-global-color-text ); font-family: var( --e-global-typography-text-font-family ), Sans-serif; font-size: var( --e-global-typography-text-font-size ); font-weight: var( --e-global-typography-text-font-weight );\">Une villa Riad toute en rez-de-chauss\u00e9e situ\u00e9e \u00e0 proximit\u00e9\u00a0 des remparts de la ville sur un terrain de 7000 m\u00b2 \u00e9tait \u00e0 vendre , ils d\u00e9cid\u00e8rent d&#8217;investir dans ce jardin d&#8217;Eden\u00a0 tres bien situ\u00e9.<\/span><\/p><p><span style=\"color: var( --e-global-color-text ); font-family: var( --e-global-typography-text-font-family ), Sans-serif; font-size: var( --e-global-typography-text-font-size ); font-weight: var( --e-global-typography-text-font-weight );\">\u00a0<\/span><span style=\"color: var( --e-global-color-text ); font-family: var( --e-global-typography-text-font-family ), Sans-serif; font-size: var( --e-global-typography-text-font-size ); font-weight: var( --e-global-typography-text-font-weight );\">Une ann\u00e9e\u00a0 de travaux fut n\u00e9cessaire pour r\u00e9habiliter l&#8217;int\u00e9rieur et emb\u00e9lir tous\u00a0 les ext\u00e9rieurs avec l\u2019aide pr\u00e9cieuse\u00a0 des entreprises et des artisans locaux.\u00a0<\/span><\/p><p>Une grande et belle piscine , des plantations de palmiers, d\u2019arbres fruitiers\u00a0 de fleurs\u00a0 et du gazon transform\u00e8rent le paysage .Un chemin de promenade\u00a0 fut am\u00e9nag\u00e9\u00a0 sur le terrain et la mise en place de l\u2019\u00e9clairage ext\u00e9rieur\u00a0 acheva\u00a0 l&#8217;embellissement du riad.<\/p><p>&#8220;Nous voulions une belle\u00a0 demeure\u00a0 ,hospitaliere et chaleureuse, raffin\u00e9e, pour accueillir\u00a0 des h\u00f4tes du monde entier, une nouvelle page de notre vie se tournait avec la creation de L&#8217;OASIS DE KIMA.&#8221;<\/p><p>\u00a0<\/p>\t\t\t\t\t\t\t\t<\/div>\n\t\t\t\t<\/div>\n\t\t\t\t\t<\/div>\n\t\t<\/div>\n\t\t\t\t\t<\/div>\n\t\t<\/section>\n\t\t\t\t<section class=\"elementor-section elementor-top-section elementor-element elementor-element-18ed800 elementor-section-stretched elementor-section-boxed elementor-section-height-default elementor-section-height-default\" data-id=\"18ed800\" data-element_type=\"section\" data-e-type=\"section\" data-settings=\"{&quot;background_background&quot;:&quot;classic&quot;,&quot;stretch_section&quot;:&quot;section-stretched&quot;}\">\n\t\t\t\t\t\t<div class=\"elementor-container elementor-column-gap-default\">\n\t\t\t\t\t<div class=\"elementor-column elementor-col-50 elementor-top-column elementor-element elementor-element-b2c3009\" data-id=\"b2c3009\" data-element_type=\"column\" data-e-type=\"column\">\n\t\t\t<div class=\"elementor-widget-wrap elementor-element-populated\">\n\t\t\t\t\t\t<div class=\"elementor-element elementor-element-a099dfb elementor-widget elementor-widget-image\" data-id=\"a099dfb\" data-element_type=\"widget\" data-e-type=\"widget\" data-widget_type=\"image.default\">\n\t\t\t\t<div class=\"elementor-widget-container\">\n\t\t\t\t\t\t\t\t\t\t\t\t\t\t\t<img decoding=\"async\" width=\"1805\" height=\"1205\" src=\"https:\/\/www.oasis-kima.com\/wp-content\/uploads\/2022\/03\/Jardin-3.jpg\" class=\"attachment-full size-full wp-image-7084\" alt=\"\" srcset=\"https:\/\/www.oasis-kima.com\/wp-content\/uploads\/2022\/03\/Jardin-3.jpg 1805w, https:\/\/www.oasis-kima.com\/wp-content\/uploads\/2022\/03\/Jardin-3-300x200.jpg 300w, https:\/\/www.oasis-kima.com\/wp-content\/uploads\/2022\/03\/Jardin-3-1024x684.jpg 1024w, https:\/\/www.oasis-kima.com\/wp-content\/uploads\/2022\/03\/Jardin-3-768x513.jpg 768w, https:\/\/www.oasis-kima.com\/wp-content\/uploads\/2022\/03\/Jardin-3-1536x1025.jpg 1536w\" sizes=\"(max-width: 1805px) 100vw, 1805px\" \/>\t\t\t\t\t\t\t\t\t\t\t\t\t\t\t<\/div>\n\t\t\t\t<\/div>\n\t\t\t\t\t<\/div>\n\t\t<\/div>\n\t\t\t\t<div class=\"elementor-column elementor-col-50 elementor-top-column elementor-element elementor-element-22352cc\" data-id=\"22352cc\" data-element_type=\"column\" data-e-type=\"column\">\n\t\t\t<div class=\"elementor-widget-wrap elementor-element-populated\">\n\t\t\t\t\t\t<div class=\"elementor-element elementor-element-8a53eef elementor-widget elementor-widget-heading\" data-id=\"8a53eef\" data-element_type=\"widget\" data-e-type=\"widget\" data-widget_type=\"heading.default\">\n\t\t\t\t<div class=\"elementor-widget-container\">\n\t\t\t\t\t<h2 class=\"elementor-heading-title elementor-size-default\">une oasis pleine de charme<\/h2>\t\t\t\t<\/div>\n\t\t\t\t<\/div>\n\t\t\t\t<div class=\"elementor-element elementor-element-f520f2b elementor-widget elementor-widget-text-editor\" data-id=\"f520f2b\" data-element_type=\"widget\" data-e-type=\"widget\" data-widget_type=\"text-editor.default\">\n\t\t\t\t<div class=\"elementor-widget-container\">\n\t\t\t\t\t\t\t\t\t<p>Si vous souhaitez vous reconnecter avec\u00a0 la nature ,vous serez au bon endroit.<br \/>Intemporelle et moderne, orientale et ouverte sur le reste du monde, entre luxe et simplicit\u00e9\u00a0 la maison vous\u00a0 offrira tout cela. Vous vivrez ici des \u00e9motions et des heures inoubliables.<\/p><p>Repas \u00e0 deux, au bord de la piscine , au calme, berc\u00e9s uniquement par une leg\u00e8re musique classique,ou de jazz.<\/p><p><span style=\"color: var( --e-global-color-text ); font-family: var( --e-global-typography-text-font-family ), Sans-serif; font-size: var( --e-global-typography-text-font-size ); font-weight: var( --e-global-typography-text-font-weight );\">Dans ce lieu magique, nous recevons au maximum huit hotes.<\/span><\/p><p><span style=\"color: var( --e-global-color-text ); font-family: var( --e-global-typography-text-font-family ), Sans-serif; font-size: var( --e-global-typography-text-font-size ); font-weight: var( --e-global-typography-text-font-weight );\">Derri\u00e8re chaque porte en bois traditionnel Marocain,\u00a0 se d\u00e9voilent les go\u00fbts des propri\u00e9taires et de leurs voyages.<\/span><\/p><p>Trois chambres avec acc\u00e8s ind\u00e9pendant depuis le patio du riad, ASIE, ESCALE BLEUE, KOUTOUBIA, et au fond du jardin, la villa PETITE MAJORELLE vous attendent suivant les d\u00e9sirs de chacun.<br \/>Notre Riad, con\u00e7u et am\u00e9nag\u00e9 comme une\u00a0 maison priv\u00e9e ne ressemble aucunement\u00a0 ni \u00e0 un h\u00f4tel, ni a un club, vous etes ici dans un lieu privil\u00e9gi\u00e9.<br \/><span style=\"color: var( --e-global-color-text ); font-family: var( --e-global-typography-text-font-family ), Sans-serif; font-size: var( --e-global-typography-text-font-size ); font-weight: var( --e-global-typography-text-font-weight );\">Vous Profiterez d\u2019un luxe feutr\u00e9 et discret entour\u00e9s par\u00a0 toute l\u2019attention\u00a0 des\u00a0 propri\u00e9taires .<\/span><\/p><p>Vous gouterez \u00e0 la douceur matinale, aux\u00a0 chants des oiseaux, aux petits dejeuners vers la piscine dans une atmosphere reposante que vous ne trouverez nulle part ailleurs.<\/p>\t\t\t\t\t\t\t\t<\/div>\n\t\t\t\t<\/div>\n\t\t\t\t\t<\/div>\n\t\t<\/div>\n\t\t\t\t\t<\/div>\n\t\t<\/section>\n\t\t\t\t<\/div>\n\t\t","protected":false},"excerpt":{"rendered":"<p>Qui sommes-nous L\u2019oasis de kima est le fruit d\u2019un couple mixte,confin\u00e9 \u00e0 la fin de l\u2019hiver, 2020 \u00e0 Agadir.\u00a0 Alors que la France grelottait et se fermait totalement, ici ,au MAROC , c\u2019\u00e9tait d\u00e9j\u00e0 le printemps, sous un soleil\u00a0 chaud et un ciel bleu azur. Il ne fallut pas tres longtemps \u00e0 G\u00e9rard et \u00e0 [&hellip;]<\/p>\n","protected":false},"author":1,"featured_media":0,"parent":0,"menu_order":0,"comment_status":"closed","ping_status":"closed","template":"","meta":{"_acf_changed":false,"footnotes":""},"class_list":["post-7122","page","type-page","status-publish","hentry"],"acf":[],"yoast_head":"<!-- This site is optimized with the Yoast SEO plugin v27.2 - https:\/\/yoast.com\/product\/yoast-seo-wordpress\/ -->\n<title>WHO WE ARE | OASIS DE KIMA, hotel &amp; guest house in TAROUDANT<\/title>\n<meta name=\"description\" content=\"The Oasis de Kima has three rooms with independent entrance from the patio and an independent house with terrace and barbecue...\" \/>\n<meta name=\"robots\" content=\"index, follow, max-snippet:-1, max-image-preview:large, max-video-preview:-1\" \/>\n<link rel=\"canonical\" href=\"https:\/\/www.oasis-kima.com\/en\/who-we-are\/\" \/>\n<meta property=\"og:locale\" content=\"en_US\" \/>\n<meta property=\"og:type\" content=\"article\" \/>\n<meta property=\"og:title\" content=\"WHO WE ARE | OASIS DE KIMA, hotel &amp; guest house in TAROUDANT\" \/>\n<meta property=\"og:description\" content=\"The Oasis de Kima has three rooms with independent entrance from the patio and an independent house with terrace and barbecue...\" \/>\n<meta property=\"og:url\" content=\"https:\/\/www.oasis-kima.com\/en\/who-we-are\/\" \/>\n<meta property=\"og:site_name\" content=\"OASIS DE KIMA\" \/>\n<meta property=\"article:modified_time\" content=\"2022-05-06T12:04:30+00:00\" \/>\n<meta property=\"og:image\" content=\"https:\/\/www.oasis-kima.com\/wp-content\/uploads\/2022\/03\/WhatsApp-Image-2022-03-19-at-20.27.33-21.jpeg\" \/>\n<meta name=\"twitter:card\" content=\"summary_large_image\" \/>\n<meta name=\"twitter:label1\" content=\"Est. reading time\" \/>\n\t<meta name=\"twitter:data1\" content=\"2 minutes\" \/>\n<script type=\"application\/ld+json\" class=\"yoast-schema-graph\">{\"@context\":\"https:\/\/schema.org\",\"@graph\":[{\"@type\":\"WebPage\",\"@id\":\"https:\/\/www.oasis-kima.com\/en\/who-we-are\/\",\"url\":\"https:\/\/www.oasis-kima.com\/en\/who-we-are\/\",\"name\":\"WHO WE ARE | OASIS DE KIMA, hotel & guest house in TAROUDANT\",\"isPartOf\":{\"@id\":\"https:\/\/www.oasis-kima.com\/#website\"},\"primaryImageOfPage\":{\"@id\":\"https:\/\/www.oasis-kima.com\/en\/who-we-are\/#primaryimage\"},\"image\":{\"@id\":\"https:\/\/www.oasis-kima.com\/en\/who-we-are\/#primaryimage\"},\"thumbnailUrl\":\"https:\/\/www.oasis-kima.com\/wp-content\/uploads\/2022\/03\/WhatsApp-Image-2022-03-19-at-20.27.33-21.jpeg\",\"datePublished\":\"2022-02-10T11:52:29+00:00\",\"dateModified\":\"2022-05-06T12:04:30+00:00\",\"description\":\"The Oasis de Kima has three rooms with independent entrance from the patio and an independent house with terrace and barbecue...\",\"breadcrumb\":{\"@id\":\"https:\/\/www.oasis-kima.com\/en\/who-we-are\/#breadcrumb\"},\"inLanguage\":\"en-US\",\"potentialAction\":[{\"@type\":\"ReadAction\",\"target\":[\"https:\/\/www.oasis-kima.com\/en\/who-we-are\/\"]}]},{\"@type\":\"ImageObject\",\"inLanguage\":\"en-US\",\"@id\":\"https:\/\/www.oasis-kima.com\/en\/who-we-are\/#primaryimage\",\"url\":\"https:\/\/www.oasis-kima.com\/wp-content\/uploads\/2022\/03\/WhatsApp-Image-2022-03-19-at-20.27.33-21.jpeg\",\"contentUrl\":\"https:\/\/www.oasis-kima.com\/wp-content\/uploads\/2022\/03\/WhatsApp-Image-2022-03-19-at-20.27.33-21.jpeg\"},{\"@type\":\"BreadcrumbList\",\"@id\":\"https:\/\/www.oasis-kima.com\/en\/who-we-are\/#breadcrumb\",\"itemListElement\":[{\"@type\":\"ListItem\",\"position\":1,\"name\":\"Accueil\",\"item\":\"https:\/\/www.oasis-kima.com\/\"},{\"@type\":\"ListItem\",\"position\":2,\"name\":\"WHO WE ARE\"}]},{\"@type\":\"WebSite\",\"@id\":\"https:\/\/www.oasis-kima.com\/#website\",\"url\":\"https:\/\/www.oasis-kima.com\/\",\"name\":\"OASIS DE KIMA\",\"description\":\"\",\"potentialAction\":[{\"@type\":\"SearchAction\",\"target\":{\"@type\":\"EntryPoint\",\"urlTemplate\":\"https:\/\/www.oasis-kima.com\/?s={search_term_string}\"},\"query-input\":{\"@type\":\"PropertyValueSpecification\",\"valueRequired\":true,\"valueName\":\"search_term_string\"}}],\"inLanguage\":\"en-US\"}]}<\/script>\n<!-- \/ Yoast SEO plugin. -->","yoast_head_json":{"title":"WHO WE ARE | OASIS DE KIMA, hotel & guest house in TAROUDANT","description":"The Oasis de Kima has three rooms with independent entrance from the patio and an independent house with terrace and barbecue...","robots":{"index":"index","follow":"follow","max-snippet":"max-snippet:-1","max-image-preview":"max-image-preview:large","max-video-preview":"max-video-preview:-1"},"canonical":"https:\/\/www.oasis-kima.com\/en\/who-we-are\/","og_locale":"en_US","og_type":"article","og_title":"WHO WE ARE | OASIS DE KIMA, hotel & guest house in TAROUDANT","og_description":"The Oasis de Kima has three rooms with independent entrance from the patio and an independent house with terrace and barbecue...","og_url":"https:\/\/www.oasis-kima.com\/en\/who-we-are\/","og_site_name":"OASIS DE KIMA","article_modified_time":"2022-05-06T12:04:30+00:00","og_image":[{"url":"https:\/\/www.oasis-kima.com\/wp-content\/uploads\/2022\/03\/WhatsApp-Image-2022-03-19-at-20.27.33-21.jpeg","type":"","width":"","height":""}],"twitter_card":"summary_large_image","twitter_misc":{"Est. reading time":"2 minutes"},"schema":{"@context":"https:\/\/schema.org","@graph":[{"@type":"WebPage","@id":"https:\/\/www.oasis-kima.com\/en\/who-we-are\/","url":"https:\/\/www.oasis-kima.com\/en\/who-we-are\/","name":"WHO WE ARE | OASIS DE KIMA, hotel & guest house in TAROUDANT","isPartOf":{"@id":"https:\/\/www.oasis-kima.com\/#website"},"primaryImageOfPage":{"@id":"https:\/\/www.oasis-kima.com\/en\/who-we-are\/#primaryimage"},"image":{"@id":"https:\/\/www.oasis-kima.com\/en\/who-we-are\/#primaryimage"},"thumbnailUrl":"https:\/\/www.oasis-kima.com\/wp-content\/uploads\/2022\/03\/WhatsApp-Image-2022-03-19-at-20.27.33-21.jpeg","datePublished":"2022-02-10T11:52:29+00:00","dateModified":"2022-05-06T12:04:30+00:00","description":"The Oasis de Kima has three rooms with independent entrance from the patio and an independent house with terrace and barbecue...","breadcrumb":{"@id":"https:\/\/www.oasis-kima.com\/en\/who-we-are\/#breadcrumb"},"inLanguage":"en-US","potentialAction":[{"@type":"ReadAction","target":["https:\/\/www.oasis-kima.com\/en\/who-we-are\/"]}]},{"@type":"ImageObject","inLanguage":"en-US","@id":"https:\/\/www.oasis-kima.com\/en\/who-we-are\/#primaryimage","url":"https:\/\/www.oasis-kima.com\/wp-content\/uploads\/2022\/03\/WhatsApp-Image-2022-03-19-at-20.27.33-21.jpeg","contentUrl":"https:\/\/www.oasis-kima.com\/wp-content\/uploads\/2022\/03\/WhatsApp-Image-2022-03-19-at-20.27.33-21.jpeg"},{"@type":"BreadcrumbList","@id":"https:\/\/www.oasis-kima.com\/en\/who-we-are\/#breadcrumb","itemListElement":[{"@type":"ListItem","position":1,"name":"Accueil","item":"https:\/\/www.oasis-kima.com\/"},{"@type":"ListItem","position":2,"name":"WHO WE ARE"}]},{"@type":"WebSite","@id":"https:\/\/www.oasis-kima.com\/#website","url":"https:\/\/www.oasis-kima.com\/","name":"OASIS DE KIMA","description":"","potentialAction":[{"@type":"SearchAction","target":{"@type":"EntryPoint","urlTemplate":"https:\/\/www.oasis-kima.com\/?s={search_term_string}"},"query-input":{"@type":"PropertyValueSpecification","valueRequired":true,"valueName":"search_term_string"}}],"inLanguage":"en-US"}]}},"_links":{"self":[{"href":"https:\/\/www.oasis-kima.com\/en\/wp-json\/wp\/v2\/pages\/7122","targetHints":{"allow":["GET"]}}],"collection":[{"href":"https:\/\/www.oasis-kima.com\/en\/wp-json\/wp\/v2\/pages"}],"about":[{"href":"https:\/\/www.oasis-kima.com\/en\/wp-json\/wp\/v2\/types\/page"}],"author":[{"embeddable":true,"href":"https:\/\/www.oasis-kima.com\/en\/wp-json\/wp\/v2\/users\/1"}],"replies":[{"embeddable":true,"href":"https:\/\/www.oasis-kima.com\/en\/wp-json\/wp\/v2\/comments?post=7122"}],"version-history":[{"count":0,"href":"https:\/\/www.oasis-kima.com\/en\/wp-json\/wp\/v2\/pages\/7122\/revisions"}],"wp:attachment":[{"href":"https:\/\/www.oasis-kima.com\/en\/wp-json\/wp\/v2\/media?parent=7122"}],"curies":[{"name":"wp","href":"https:\/\/api.w.org\/{rel}","templated":true}]}}