{"id":7123,"date":"2021-08-02T11:15:38","date_gmt":"2021-08-02T09:15:38","guid":{"rendered":"https:\/\/www.oasis-kima.com\/restauration\/"},"modified":"2026-01-15T16:24:54","modified_gmt":"2026-01-15T15:24:54","slug":"restauration","status":"publish","type":"page","link":"https:\/\/www.oasis-kima.com\/en\/restauration\/","title":{"rendered":"RESTAURATION"},"content":{"rendered":"\t\t<div data-elementor-type=\"wp-page\" data-elementor-id=\"7123\" class=\"elementor elementor-7123 elementor-31\" data-elementor-post-type=\"page\">\n\t\t\t\t\t\t<section class=\"elementor-section elementor-top-section elementor-element elementor-element-7de08e8 elementor-section-full_width elementor-section-height-min-height elementor-section-stretched elementor-section-height-default elementor-section-items-middle\" data-id=\"7de08e8\" data-element_type=\"section\" data-e-type=\"section\" data-settings=\"{&quot;stretch_section&quot;:&quot;section-stretched&quot;,&quot;background_background&quot;:&quot;classic&quot;}\">\n\t\t\t\t\t\t<div class=\"elementor-container elementor-column-gap-default\">\n\t\t\t\t\t<div class=\"elementor-column elementor-col-100 elementor-top-column elementor-element elementor-element-5f0d3ba\" data-id=\"5f0d3ba\" data-element_type=\"column\" data-e-type=\"column\">\n\t\t\t<div class=\"elementor-widget-wrap\">\n\t\t\t\t\t\t\t<\/div>\n\t\t<\/div>\n\t\t\t\t\t<\/div>\n\t\t<\/section>\n\t\t\t\t<section class=\"elementor-section elementor-top-section elementor-element elementor-element-3bf01ab elementor-section-stretched elementor-section-boxed elementor-section-height-default elementor-section-height-default\" data-id=\"3bf01ab\" data-element_type=\"section\" data-e-type=\"section\" data-settings=\"{&quot;stretch_section&quot;:&quot;section-stretched&quot;,&quot;background_background&quot;:&quot;classic&quot;}\">\n\t\t\t\t\t\t<div class=\"elementor-container elementor-column-gap-default\">\n\t\t\t\t\t<div class=\"elementor-column elementor-col-100 elementor-top-column elementor-element elementor-element-c809857\" data-id=\"c809857\" data-element_type=\"column\" data-e-type=\"column\">\n\t\t\t<div class=\"elementor-widget-wrap elementor-element-populated\">\n\t\t\t\t\t\t<div class=\"elementor-element elementor-element-d0fcb6a elementor-widget elementor-widget-heading\" data-id=\"d0fcb6a\" data-element_type=\"widget\" data-e-type=\"widget\" data-widget_type=\"heading.default\">\n\t\t\t\t<div class=\"elementor-widget-container\">\n\t\t\t\t\t<h1 class=\"elementor-heading-title elementor-size-default\">table d' h\u00f4te <\/h1>\t\t\t\t<\/div>\n\t\t\t\t<\/div>\n\t\t\t\t<div class=\"elementor-element elementor-element-5e87bc7 elementor-widget elementor-widget-text-editor\" data-id=\"5e87bc7\" data-element_type=\"widget\" data-e-type=\"widget\" data-widget_type=\"text-editor.default\">\n\t\t\t\t<div class=\"elementor-widget-container\">\n\t\t\t\t\t\t\t\t\t<p>Breakfast and evening menus will be served near the pool, at tables for 2 people, elegantly decorated.<\/p>\n\t\t\t\t\t\t\t\t<\/div>\n\t\t\t\t<\/div>\n\t\t\t\t\t<\/div>\n\t\t<\/div>\n\t\t\t\t\t<\/div>\n\t\t<\/section>\n\t\t\t\t<section class=\"elementor-section elementor-top-section elementor-element elementor-element-62f6cf2 elementor-section-stretched elementor-section-boxed elementor-section-height-default elementor-section-height-default\" data-id=\"62f6cf2\" data-element_type=\"section\" data-e-type=\"section\" data-settings=\"{&quot;background_background&quot;:&quot;classic&quot;,&quot;stretch_section&quot;:&quot;section-stretched&quot;}\">\n\t\t\t\t\t\t<div class=\"elementor-container elementor-column-gap-default\">\n\t\t\t\t\t<div class=\"elementor-column elementor-col-50 elementor-top-column elementor-element elementor-element-8db25dc\" data-id=\"8db25dc\" data-element_type=\"column\" data-e-type=\"column\">\n\t\t\t<div class=\"elementor-widget-wrap elementor-element-populated\">\n\t\t\t\t\t\t<div class=\"elementor-element elementor-element-2c87ef8 elementor-arrows-position-inside elementor-widget elementor-widget-image-carousel\" data-id=\"2c87ef8\" data-element_type=\"widget\" data-e-type=\"widget\" data-settings=\"{&quot;slides_to_show&quot;:&quot;1&quot;,&quot;navigation&quot;:&quot;arrows&quot;,&quot;autoplay&quot;:&quot;yes&quot;,&quot;pause_on_hover&quot;:&quot;yes&quot;,&quot;pause_on_interaction&quot;:&quot;yes&quot;,&quot;autoplay_speed&quot;:5000,&quot;infinite&quot;:&quot;yes&quot;,&quot;effect&quot;:&quot;slide&quot;,&quot;speed&quot;:500}\" data-widget_type=\"image-carousel.default\">\n\t\t\t\t<div class=\"elementor-widget-container\">\n\t\t\t\t\t\t\t<div class=\"elementor-image-carousel-wrapper swiper\" role=\"region\" aria-roledescription=\"carousel\" aria-label=\"Image Carousel\" dir=\"ltr\">\n\t\t\t<div class=\"elementor-image-carousel swiper-wrapper swiper-image-stretch\" aria-live=\"off\">\n\t\t\t\t\t\t\t\t<div class=\"swiper-slide\" role=\"group\" aria-roledescription=\"slide\" aria-label=\"1 of 2\"><a data-elementor-open-lightbox=\"yes\" data-elementor-lightbox-slideshow=\"2c87ef8\" data-elementor-lightbox-title=\"DE KIMA, h\u00f4tel &amp; maison d&#039;h\u00f4tes \u00e0 TAROUDANT, restaturant-6\" data-e-action-hash=\"#elementor-action%3Aaction%3Dlightbox%26settings%3DeyJpZCI6NzA2NCwidXJsIjoiaHR0cHM6XC9cL3d3dy5vYXNpcy1raW1hLmNvbVwvd3AtY29udGVudFwvdXBsb2Fkc1wvMjAyMlwvMDNcL3Jlc3RhdHVyYW50LTYuanBnIiwic2xpZGVzaG93IjoiMmM4N2VmOCJ9\" href=\"https:\/\/www.oasis-kima.com\/wp-content\/uploads\/2022\/03\/restaturant-6.jpg\"><figure class=\"swiper-slide-inner\"><img decoding=\"async\" class=\"swiper-slide-image\" src=\"https:\/\/www.oasis-kima.com\/wp-content\/uploads\/2022\/03\/restaturant-6.jpg\" alt=\"DE KIMA, h\u00f4tel &amp; maison d&#039;h\u00f4tes \u00e0 TAROUDANT, restaturant-6\" \/><\/figure><\/a><\/div><div class=\"swiper-slide\" role=\"group\" aria-roledescription=\"slide\" aria-label=\"2 of 2\"><a data-elementor-open-lightbox=\"yes\" data-elementor-lightbox-slideshow=\"2c87ef8\" data-elementor-lightbox-title=\"DSC_0325\" data-e-action-hash=\"#elementor-action%3Aaction%3Dlightbox%26settings%3DeyJpZCI6NzEwMCwidXJsIjoiaHR0cHM6XC9cL3d3dy5vYXNpcy1raW1hLmNvbVwvd3AtY29udGVudFwvdXBsb2Fkc1wvMjAyMlwvMDNcL0RTQ18wMzI1LXNjYWxlZC5qcGciLCJzbGlkZXNob3ciOiIyYzg3ZWY4In0%3D\" href=\"https:\/\/www.oasis-kima.com\/wp-content\/uploads\/2022\/03\/DSC_0325-scaled.jpg\"><figure class=\"swiper-slide-inner\"><img decoding=\"async\" class=\"swiper-slide-image\" src=\"https:\/\/www.oasis-kima.com\/wp-content\/uploads\/2022\/03\/DSC_0325-scaled.jpg\" alt=\"DSC_0325\" \/><\/figure><\/a><\/div>\t\t\t<\/div>\n\t\t\t\t\t\t\t\t\t\t\t\t<div class=\"elementor-swiper-button elementor-swiper-button-prev\" role=\"button\" tabindex=\"0\">\n\t\t\t\t\t\t<i aria-hidden=\"true\" class=\"eicon-chevron-left\"><\/i>\t\t\t\t\t<\/div>\n\t\t\t\t\t<div class=\"elementor-swiper-button elementor-swiper-button-next\" role=\"button\" tabindex=\"0\">\n\t\t\t\t\t\t<i aria-hidden=\"true\" class=\"eicon-chevron-right\"><\/i>\t\t\t\t\t<\/div>\n\t\t\t\t\n\t\t\t\t\t\t\t\t\t<\/div>\n\t\t\t\t\t\t<\/div>\n\t\t\t\t<\/div>\n\t\t\t\t\t<\/div>\n\t\t<\/div>\n\t\t\t\t<div class=\"elementor-column elementor-col-50 elementor-top-column elementor-element elementor-element-86d7d64\" data-id=\"86d7d64\" data-element_type=\"column\" data-e-type=\"column\">\n\t\t\t<div class=\"elementor-widget-wrap elementor-element-populated\">\n\t\t\t\t\t\t<div class=\"elementor-element elementor-element-e609539 elementor-widget elementor-widget-text-editor\" data-id=\"e609539\" data-element_type=\"widget\" data-e-type=\"widget\" data-widget_type=\"text-editor.default\">\n\t\t\t\t<div class=\"elementor-widget-container\">\n\t\t\t\t\t\t\t\t\t<p>CULINARY DELIGHTS<\/p>\n<p>BREAKFAST:<br \/>You&#8217;ll find sweet and savory options with our traditional Moroccan breakfast, a selection of homemade jams and oils, as well as our own creations of Moroccan breads and crepes, and fresh eggs.<\/p>\n<p>A hot beverage and freshly squeezed orange juice will help you start your day off right.<\/p>\n<p>LUNCH:<\/p>\n<p>Our establishment does not serve lunch.<\/p>\n<p>DINNER:<\/p>\n<p>Kima&#8217;s Oasis invites you to discover the richness and variety of Moroccan cuisine.<\/p>\n<p>Our menus are inspired by nature and the seasons.<\/p>\n<p>Our various beverages are available to accompany your culinary indulgence.<\/p>\n<p>We ask our guests to dress in smart-casual attire, but not beachwear, to respect this special moment of the evening.<\/p>\n\t\t\t\t\t\t\t\t<\/div>\n\t\t\t\t<\/div>\n\t\t\t\t\t<\/div>\n\t\t<\/div>\n\t\t\t\t\t<\/div>\n\t\t<\/section>\n\t\t\t\t<section class=\"elementor-section elementor-top-section elementor-element elementor-element-7d061e7 elementor-section-stretched elementor-section-boxed elementor-section-height-default elementor-section-height-default\" data-id=\"7d061e7\" data-element_type=\"section\" data-e-type=\"section\" data-settings=\"{&quot;background_background&quot;:&quot;classic&quot;,&quot;stretch_section&quot;:&quot;section-stretched&quot;}\">\n\t\t\t\t\t\t<div class=\"elementor-container elementor-column-gap-default\">\n\t\t\t\t\t<div class=\"elementor-column elementor-col-50 elementor-top-column elementor-element elementor-element-99e10a2\" data-id=\"99e10a2\" data-element_type=\"column\" data-e-type=\"column\">\n\t\t\t<div class=\"elementor-widget-wrap elementor-element-populated\">\n\t\t\t\t\t\t<div class=\"elementor-element elementor-element-3a0258a elementor-arrows-position-inside elementor-widget elementor-widget-image-carousel\" data-id=\"3a0258a\" data-element_type=\"widget\" data-e-type=\"widget\" data-settings=\"{&quot;slides_to_show&quot;:&quot;1&quot;,&quot;navigation&quot;:&quot;arrows&quot;,&quot;autoplay&quot;:&quot;yes&quot;,&quot;pause_on_hover&quot;:&quot;yes&quot;,&quot;pause_on_interaction&quot;:&quot;yes&quot;,&quot;autoplay_speed&quot;:5000,&quot;infinite&quot;:&quot;yes&quot;,&quot;effect&quot;:&quot;slide&quot;,&quot;speed&quot;:500}\" data-widget_type=\"image-carousel.default\">\n\t\t\t\t<div class=\"elementor-widget-container\">\n\t\t\t\t\t\t\t<div class=\"elementor-image-carousel-wrapper swiper\" role=\"region\" aria-roledescription=\"carousel\" aria-label=\"Image Carousel\" dir=\"ltr\">\n\t\t\t<div class=\"elementor-image-carousel swiper-wrapper swiper-image-stretch\" aria-live=\"off\">\n\t\t\t\t\t\t\t\t<div class=\"swiper-slide\" role=\"group\" aria-roledescription=\"slide\" aria-label=\"1 of 7\"><a data-elementor-open-lightbox=\"yes\" data-elementor-lightbox-slideshow=\"3a0258a\" data-elementor-lightbox-title=\"DE KIMA, h\u00f4tel &amp; maison d&#039;h\u00f4tes \u00e0 TAROUDANT, restaturant-1\" data-e-action-hash=\"#elementor-action%3Aaction%3Dlightbox%26settings%3DeyJpZCI6NzA1OSwidXJsIjoiaHR0cHM6XC9cL3d3dy5vYXNpcy1raW1hLmNvbVwvd3AtY29udGVudFwvdXBsb2Fkc1wvMjAyMlwvMDNcL3Jlc3RhdHVyYW50LTEuanBnIiwic2xpZGVzaG93IjoiM2EwMjU4YSJ9\" href=\"https:\/\/www.oasis-kima.com\/wp-content\/uploads\/2022\/03\/restaturant-1.jpg\"><figure class=\"swiper-slide-inner\"><img decoding=\"async\" class=\"swiper-slide-image\" src=\"https:\/\/www.oasis-kima.com\/wp-content\/uploads\/2022\/03\/restaturant-1.jpg\" alt=\"DE KIMA, h\u00f4tel &amp; maison d&#039;h\u00f4tes \u00e0 TAROUDANT, restaturant-1\" \/><\/figure><\/a><\/div><div class=\"swiper-slide\" role=\"group\" aria-roledescription=\"slide\" aria-label=\"2 of 7\"><a data-elementor-open-lightbox=\"yes\" data-elementor-lightbox-slideshow=\"3a0258a\" data-elementor-lightbox-title=\"DE KIMA, h\u00f4tel &amp; maison d&#039;h\u00f4tes \u00e0 TAROUDANT, restaturant-3\" data-e-action-hash=\"#elementor-action%3Aaction%3Dlightbox%26settings%3DeyJpZCI6NzA2MSwidXJsIjoiaHR0cHM6XC9cL3d3dy5vYXNpcy1raW1hLmNvbVwvd3AtY29udGVudFwvdXBsb2Fkc1wvMjAyMlwvMDNcL3Jlc3RhdHVyYW50LTMuanBnIiwic2xpZGVzaG93IjoiM2EwMjU4YSJ9\" href=\"https:\/\/www.oasis-kima.com\/wp-content\/uploads\/2022\/03\/restaturant-3.jpg\"><figure class=\"swiper-slide-inner\"><img decoding=\"async\" class=\"swiper-slide-image\" src=\"https:\/\/www.oasis-kima.com\/wp-content\/uploads\/2022\/03\/restaturant-3.jpg\" alt=\"DE KIMA, h\u00f4tel &amp; maison d&#039;h\u00f4tes \u00e0 TAROUDANT, restaturant-3\" \/><\/figure><\/a><\/div><div class=\"swiper-slide\" role=\"group\" aria-roledescription=\"slide\" aria-label=\"3 of 7\"><a data-elementor-open-lightbox=\"yes\" data-elementor-lightbox-slideshow=\"3a0258a\" data-elementor-lightbox-title=\"DE KIMA, h\u00f4tel &amp; maison d&#039;h\u00f4tes \u00e0 TAROUDANT, restaturant-4\" data-e-action-hash=\"#elementor-action%3Aaction%3Dlightbox%26settings%3DeyJpZCI6NzA2MiwidXJsIjoiaHR0cHM6XC9cL3d3dy5vYXNpcy1raW1hLmNvbVwvd3AtY29udGVudFwvdXBsb2Fkc1wvMjAyMlwvMDNcL3Jlc3RhdHVyYW50LTQuanBnIiwic2xpZGVzaG93IjoiM2EwMjU4YSJ9\" href=\"https:\/\/www.oasis-kima.com\/wp-content\/uploads\/2022\/03\/restaturant-4.jpg\"><figure class=\"swiper-slide-inner\"><img decoding=\"async\" class=\"swiper-slide-image\" src=\"https:\/\/www.oasis-kima.com\/wp-content\/uploads\/2022\/03\/restaturant-4.jpg\" alt=\"DE KIMA, h\u00f4tel &amp; maison d&#039;h\u00f4tes \u00e0 TAROUDANT, restaturant-4\" \/><\/figure><\/a><\/div><div class=\"swiper-slide\" role=\"group\" aria-roledescription=\"slide\" aria-label=\"4 of 7\"><a data-elementor-open-lightbox=\"yes\" data-elementor-lightbox-slideshow=\"3a0258a\" data-elementor-lightbox-title=\"DE KIMA, h\u00f4tel &amp; maison d&#039;h\u00f4tes \u00e0 TAROUDANT, restaturant-5\" data-e-action-hash=\"#elementor-action%3Aaction%3Dlightbox%26settings%3DeyJpZCI6NzA2MywidXJsIjoiaHR0cHM6XC9cL3d3dy5vYXNpcy1raW1hLmNvbVwvd3AtY29udGVudFwvdXBsb2Fkc1wvMjAyMlwvMDNcL3Jlc3RhdHVyYW50LTUuanBnIiwic2xpZGVzaG93IjoiM2EwMjU4YSJ9\" href=\"https:\/\/www.oasis-kima.com\/wp-content\/uploads\/2022\/03\/restaturant-5.jpg\"><figure class=\"swiper-slide-inner\"><img decoding=\"async\" class=\"swiper-slide-image\" src=\"https:\/\/www.oasis-kima.com\/wp-content\/uploads\/2022\/03\/restaturant-5.jpg\" alt=\"DE KIMA, h\u00f4tel &amp; maison d&#039;h\u00f4tes \u00e0 TAROUDANT, restaturant-5\" \/><\/figure><\/a><\/div><div class=\"swiper-slide\" role=\"group\" aria-roledescription=\"slide\" aria-label=\"5 of 7\"><a data-elementor-open-lightbox=\"yes\" data-elementor-lightbox-slideshow=\"3a0258a\" data-elementor-lightbox-title=\"DE KIMA, h\u00f4tel &amp; maison d&#039;h\u00f4tes \u00e0 TAROUDANT, restaturant-6\" data-e-action-hash=\"#elementor-action%3Aaction%3Dlightbox%26settings%3DeyJpZCI6NzA2NCwidXJsIjoiaHR0cHM6XC9cL3d3dy5vYXNpcy1raW1hLmNvbVwvd3AtY29udGVudFwvdXBsb2Fkc1wvMjAyMlwvMDNcL3Jlc3RhdHVyYW50LTYuanBnIiwic2xpZGVzaG93IjoiM2EwMjU4YSJ9\" href=\"https:\/\/www.oasis-kima.com\/wp-content\/uploads\/2022\/03\/restaturant-6.jpg\"><figure class=\"swiper-slide-inner\"><img decoding=\"async\" class=\"swiper-slide-image\" src=\"https:\/\/www.oasis-kima.com\/wp-content\/uploads\/2022\/03\/restaturant-6.jpg\" alt=\"DE KIMA, h\u00f4tel &amp; maison d&#039;h\u00f4tes \u00e0 TAROUDANT, restaturant-6\" \/><\/figure><\/a><\/div><div class=\"swiper-slide\" role=\"group\" aria-roledescription=\"slide\" aria-label=\"6 of 7\"><a data-elementor-open-lightbox=\"yes\" data-elementor-lightbox-slideshow=\"3a0258a\" data-elementor-lightbox-title=\"DE KIMA, h\u00f4tel &amp; maison d&#039;h\u00f4tes \u00e0 TAROUDANT, restaturant-7\" data-e-action-hash=\"#elementor-action%3Aaction%3Dlightbox%26settings%3DeyJpZCI6NzA2NSwidXJsIjoiaHR0cHM6XC9cL3d3dy5vYXNpcy1raW1hLmNvbVwvd3AtY29udGVudFwvdXBsb2Fkc1wvMjAyMlwvMDNcL3Jlc3RhdHVyYW50LTcuanBnIiwic2xpZGVzaG93IjoiM2EwMjU4YSJ9\" href=\"https:\/\/www.oasis-kima.com\/wp-content\/uploads\/2022\/03\/restaturant-7.jpg\"><figure class=\"swiper-slide-inner\"><img decoding=\"async\" class=\"swiper-slide-image\" src=\"https:\/\/www.oasis-kima.com\/wp-content\/uploads\/2022\/03\/restaturant-7.jpg\" alt=\"DE KIMA, h\u00f4tel &amp; maison d&#039;h\u00f4tes \u00e0 TAROUDANT, restaturant-7\" \/><\/figure><\/a><\/div><div class=\"swiper-slide\" role=\"group\" aria-roledescription=\"slide\" aria-label=\"7 of 7\"><a data-elementor-open-lightbox=\"yes\" data-elementor-lightbox-slideshow=\"3a0258a\" data-elementor-lightbox-title=\"DE KIMA, h\u00f4tel &amp; maison d&#039;h\u00f4tes \u00e0 TAROUDANT, restaturant-8\" data-e-action-hash=\"#elementor-action%3Aaction%3Dlightbox%26settings%3DeyJpZCI6NzA2NiwidXJsIjoiaHR0cHM6XC9cL3d3dy5vYXNpcy1raW1hLmNvbVwvd3AtY29udGVudFwvdXBsb2Fkc1wvMjAyMlwvMDNcL3Jlc3RhdHVyYW50LTguanBnIiwic2xpZGVzaG93IjoiM2EwMjU4YSJ9\" href=\"https:\/\/www.oasis-kima.com\/wp-content\/uploads\/2022\/03\/restaturant-8.jpg\"><figure class=\"swiper-slide-inner\"><img decoding=\"async\" class=\"swiper-slide-image\" src=\"https:\/\/www.oasis-kima.com\/wp-content\/uploads\/2022\/03\/restaturant-8.jpg\" alt=\"DE KIMA, h\u00f4tel &amp; maison d&#039;h\u00f4tes \u00e0 TAROUDANT, restaturant-8\" \/><\/figure><\/a><\/div>\t\t\t<\/div>\n\t\t\t\t\t\t\t\t\t\t\t\t<div class=\"elementor-swiper-button elementor-swiper-button-prev\" role=\"button\" tabindex=\"0\">\n\t\t\t\t\t\t<i aria-hidden=\"true\" class=\"eicon-chevron-left\"><\/i>\t\t\t\t\t<\/div>\n\t\t\t\t\t<div class=\"elementor-swiper-button elementor-swiper-button-next\" role=\"button\" tabindex=\"0\">\n\t\t\t\t\t\t<i aria-hidden=\"true\" class=\"eicon-chevron-right\"><\/i>\t\t\t\t\t<\/div>\n\t\t\t\t\n\t\t\t\t\t\t\t\t\t<\/div>\n\t\t\t\t\t\t<\/div>\n\t\t\t\t<\/div>\n\t\t\t\t\t<\/div>\n\t\t<\/div>\n\t\t\t\t<div class=\"elementor-column elementor-col-50 elementor-top-column elementor-element elementor-element-46c6a94\" data-id=\"46c6a94\" data-element_type=\"column\" data-e-type=\"column\">\n\t\t\t<div class=\"elementor-widget-wrap elementor-element-populated\">\n\t\t\t\t\t\t<div class=\"elementor-element elementor-element-10d8487 elementor-widget elementor-widget-heading\" data-id=\"10d8487\" data-element_type=\"widget\" data-e-type=\"widget\" data-widget_type=\"heading.default\">\n\t\t\t\t<div class=\"elementor-widget-container\">\n\t\t\t\t\t<h2 class=\"elementor-heading-title elementor-size-default\">D\u00eener : 300 dhs par personne, hors boisson<\/h2>\t\t\t\t<\/div>\n\t\t\t\t<\/div>\n\t\t\t\t<div class=\"elementor-element elementor-element-48cc8c1 elementor-widget elementor-widget-text-editor\" data-id=\"48cc8c1\" data-element_type=\"widget\" data-e-type=\"widget\" data-widget_type=\"text-editor.default\">\n\t\t\t\t<div class=\"elementor-widget-container\">\n\t\t\t\t\t\t\t\t\t<p>Dinner must be booked in advance (24 hours) and is served exclusively to guests staying in our Riad.<\/p>\n<p>As our cuisine is prepared using fresh ingredients, we will serve you every evening at 7:00 PM.<\/p>\n\t\t\t\t\t\t\t\t<\/div>\n\t\t\t\t<\/div>\n\t\t\t\t\t<\/div>\n\t\t<\/div>\n\t\t\t\t\t<\/div>\n\t\t<\/section>\n\t\t\t\t<\/div>\n\t\t","protected":false},"excerpt":{"rendered":"<p>table d&#8217; h\u00f4te Breakfast and evening menus will be served near the pool, at tables for 2 people, elegantly decorated. CULINARY DELIGHTS BREAKFAST:You&#8217;ll find sweet and savory options with our traditional Moroccan breakfast, a selection of homemade jams and oils, as well as our own creations of Moroccan breads and crepes, and fresh eggs. A [&hellip;]<\/p>\n","protected":false},"author":1,"featured_media":0,"parent":0,"menu_order":0,"comment_status":"closed","ping_status":"closed","template":"elementor_header_footer","meta":{"_acf_changed":false,"footnotes":""},"class_list":["post-7123","page","type-page","status-publish","hentry"],"acf":[],"yoast_head":"<!-- This site is optimized with the Yoast SEO plugin v27.2 - https:\/\/yoast.com\/product\/yoast-seo-wordpress\/ -->\n<title>RESTAURANT | OASIS DE KIMA, hotel &amp; guest house in TAROUDANT<\/title>\n<meta name=\"description\" content=\"L&#039;Oasis de Kima offers a healthy cuisine, halfway between French and Moroccan gastronomy. You will discover fresh products\" \/>\n<meta name=\"robots\" content=\"index, follow, max-snippet:-1, max-image-preview:large, max-video-preview:-1\" \/>\n<link rel=\"canonical\" href=\"https:\/\/www.oasis-kima.com\/restauration\/\" \/>\n<meta property=\"og:locale\" content=\"en_US\" \/>\n<meta property=\"og:type\" content=\"article\" \/>\n<meta property=\"og:title\" content=\"RESTAURANT | OASIS DE KIMA, hotel &amp; guest house in TAROUDANT\" \/>\n<meta property=\"og:description\" content=\"L&#039;Oasis de Kima offers a healthy cuisine, halfway between French and Moroccan gastronomy. You will discover fresh products\" \/>\n<meta property=\"og:url\" content=\"https:\/\/www.oasis-kima.com\/restauration\/\" \/>\n<meta property=\"og:site_name\" content=\"OASIS DE KIMA\" \/>\n<meta property=\"article:modified_time\" content=\"2026-01-15T15:24:54+00:00\" \/>\n<meta property=\"og:image\" content=\"https:\/\/www.oasis-kima.com\/wp-content\/uploads\/2022\/03\/restaturant-6.jpg\" \/>\n<meta name=\"twitter:card\" content=\"summary_large_image\" \/>\n<meta name=\"twitter:label1\" content=\"Est. reading time\" \/>\n\t<meta name=\"twitter:data1\" content=\"1 minute\" \/>\n<script type=\"application\/ld+json\" class=\"yoast-schema-graph\">{\"@context\":\"https:\/\/schema.org\",\"@graph\":[{\"@type\":\"WebPage\",\"@id\":\"https:\/\/www.oasis-kima.com\/restauration\/\",\"url\":\"https:\/\/www.oasis-kima.com\/restauration\/\",\"name\":\"RESTAURANT | OASIS DE KIMA, hotel & guest house in TAROUDANT\",\"isPartOf\":{\"@id\":\"https:\/\/www.oasis-kima.com\/#website\"},\"primaryImageOfPage\":{\"@id\":\"https:\/\/www.oasis-kima.com\/restauration\/#primaryimage\"},\"image\":{\"@id\":\"https:\/\/www.oasis-kima.com\/restauration\/#primaryimage\"},\"thumbnailUrl\":\"https:\/\/www.oasis-kima.com\/wp-content\/uploads\/2022\/03\/restaturant-6.jpg\",\"datePublished\":\"2021-08-02T09:15:38+00:00\",\"dateModified\":\"2026-01-15T15:24:54+00:00\",\"description\":\"L'Oasis de Kima offers a healthy cuisine, halfway between French and Moroccan gastronomy. You will discover fresh products\",\"breadcrumb\":{\"@id\":\"https:\/\/www.oasis-kima.com\/restauration\/#breadcrumb\"},\"inLanguage\":\"en-US\",\"potentialAction\":[{\"@type\":\"ReadAction\",\"target\":[\"https:\/\/www.oasis-kima.com\/restauration\/\"]}]},{\"@type\":\"ImageObject\",\"inLanguage\":\"en-US\",\"@id\":\"https:\/\/www.oasis-kima.com\/restauration\/#primaryimage\",\"url\":\"https:\/\/www.oasis-kima.com\/wp-content\/uploads\/2022\/03\/restaturant-6.jpg\",\"contentUrl\":\"https:\/\/www.oasis-kima.com\/wp-content\/uploads\/2022\/03\/restaturant-6.jpg\"},{\"@type\":\"BreadcrumbList\",\"@id\":\"https:\/\/www.oasis-kima.com\/restauration\/#breadcrumb\",\"itemListElement\":[{\"@type\":\"ListItem\",\"position\":1,\"name\":\"Accueil\",\"item\":\"https:\/\/www.oasis-kima.com\/\"},{\"@type\":\"ListItem\",\"position\":2,\"name\":\"RESTAURATION\"}]},{\"@type\":\"WebSite\",\"@id\":\"https:\/\/www.oasis-kima.com\/#website\",\"url\":\"https:\/\/www.oasis-kima.com\/\",\"name\":\"OASIS DE KIMA\",\"description\":\"\",\"potentialAction\":[{\"@type\":\"SearchAction\",\"target\":{\"@type\":\"EntryPoint\",\"urlTemplate\":\"https:\/\/www.oasis-kima.com\/?s={search_term_string}\"},\"query-input\":{\"@type\":\"PropertyValueSpecification\",\"valueRequired\":true,\"valueName\":\"search_term_string\"}}],\"inLanguage\":\"en-US\"}]}<\/script>\n<!-- \/ Yoast SEO plugin. -->","yoast_head_json":{"title":"RESTAURANT | OASIS DE KIMA, hotel & guest house in TAROUDANT","description":"L'Oasis de Kima offers a healthy cuisine, halfway between French and Moroccan gastronomy. You will discover fresh products","robots":{"index":"index","follow":"follow","max-snippet":"max-snippet:-1","max-image-preview":"max-image-preview:large","max-video-preview":"max-video-preview:-1"},"canonical":"https:\/\/www.oasis-kima.com\/restauration\/","og_locale":"en_US","og_type":"article","og_title":"RESTAURANT | OASIS DE KIMA, hotel & guest house in TAROUDANT","og_description":"L'Oasis de Kima offers a healthy cuisine, halfway between French and Moroccan gastronomy. You will discover fresh products","og_url":"https:\/\/www.oasis-kima.com\/restauration\/","og_site_name":"OASIS DE KIMA","article_modified_time":"2026-01-15T15:24:54+00:00","og_image":[{"url":"https:\/\/www.oasis-kima.com\/wp-content\/uploads\/2022\/03\/restaturant-6.jpg","type":"","width":"","height":""}],"twitter_card":"summary_large_image","twitter_misc":{"Est. reading time":"1 minute"},"schema":{"@context":"https:\/\/schema.org","@graph":[{"@type":"WebPage","@id":"https:\/\/www.oasis-kima.com\/restauration\/","url":"https:\/\/www.oasis-kima.com\/restauration\/","name":"RESTAURANT | OASIS DE KIMA, hotel & guest house in TAROUDANT","isPartOf":{"@id":"https:\/\/www.oasis-kima.com\/#website"},"primaryImageOfPage":{"@id":"https:\/\/www.oasis-kima.com\/restauration\/#primaryimage"},"image":{"@id":"https:\/\/www.oasis-kima.com\/restauration\/#primaryimage"},"thumbnailUrl":"https:\/\/www.oasis-kima.com\/wp-content\/uploads\/2022\/03\/restaturant-6.jpg","datePublished":"2021-08-02T09:15:38+00:00","dateModified":"2026-01-15T15:24:54+00:00","description":"L'Oasis de Kima offers a healthy cuisine, halfway between French and Moroccan gastronomy. You will discover fresh products","breadcrumb":{"@id":"https:\/\/www.oasis-kima.com\/restauration\/#breadcrumb"},"inLanguage":"en-US","potentialAction":[{"@type":"ReadAction","target":["https:\/\/www.oasis-kima.com\/restauration\/"]}]},{"@type":"ImageObject","inLanguage":"en-US","@id":"https:\/\/www.oasis-kima.com\/restauration\/#primaryimage","url":"https:\/\/www.oasis-kima.com\/wp-content\/uploads\/2022\/03\/restaturant-6.jpg","contentUrl":"https:\/\/www.oasis-kima.com\/wp-content\/uploads\/2022\/03\/restaturant-6.jpg"},{"@type":"BreadcrumbList","@id":"https:\/\/www.oasis-kima.com\/restauration\/#breadcrumb","itemListElement":[{"@type":"ListItem","position":1,"name":"Accueil","item":"https:\/\/www.oasis-kima.com\/"},{"@type":"ListItem","position":2,"name":"RESTAURATION"}]},{"@type":"WebSite","@id":"https:\/\/www.oasis-kima.com\/#website","url":"https:\/\/www.oasis-kima.com\/","name":"OASIS DE KIMA","description":"","potentialAction":[{"@type":"SearchAction","target":{"@type":"EntryPoint","urlTemplate":"https:\/\/www.oasis-kima.com\/?s={search_term_string}"},"query-input":{"@type":"PropertyValueSpecification","valueRequired":true,"valueName":"search_term_string"}}],"inLanguage":"en-US"}]}},"_links":{"self":[{"href":"https:\/\/www.oasis-kima.com\/en\/wp-json\/wp\/v2\/pages\/7123","targetHints":{"allow":["GET"]}}],"collection":[{"href":"https:\/\/www.oasis-kima.com\/en\/wp-json\/wp\/v2\/pages"}],"about":[{"href":"https:\/\/www.oasis-kima.com\/en\/wp-json\/wp\/v2\/types\/page"}],"author":[{"embeddable":true,"href":"https:\/\/www.oasis-kima.com\/en\/wp-json\/wp\/v2\/users\/1"}],"replies":[{"embeddable":true,"href":"https:\/\/www.oasis-kima.com\/en\/wp-json\/wp\/v2\/comments?post=7123"}],"version-history":[{"count":2,"href":"https:\/\/www.oasis-kima.com\/en\/wp-json\/wp\/v2\/pages\/7123\/revisions"}],"predecessor-version":[{"id":113998,"href":"https:\/\/www.oasis-kima.com\/en\/wp-json\/wp\/v2\/pages\/7123\/revisions\/113998"}],"wp:attachment":[{"href":"https:\/\/www.oasis-kima.com\/en\/wp-json\/wp\/v2\/media?parent=7123"}],"curies":[{"name":"wp","href":"https:\/\/api.w.org\/{rel}","templated":true}]}}